{"id":2366,"date":"2018-01-16T15:38:23","date_gmt":"2018-01-16T15:38:23","guid":{"rendered":"http:\/\/ranbron.bolvo.com\/?page_id=2366"},"modified":"2024-11-18T17:46:26","modified_gmt":"2024-11-18T17:46:26","slug":"contacto","status":"publish","type":"page","link":"http:\/\/www.cienergia.com\/en\/contacto\/","title":{"rendered":"Contacto"},"content":{"rendered":"<section class=\"wpb-content-wrapper\"><div class=\"vc_row wpb_row vc_row-fluid contact-page vc_custom_1678922752150\"><div class=\"wpb_column vc_column_container vc_col-sm-12\"><div class=\"vc_column-inner\"><div class=\"wpb_wrapper\">\n<div class=\"sec-title\">\n\t<div class=\"tag-line\">Mant\u00e9ngase en contacto con nosotros<\/div><!-- \/.tag-line -->\n\t<h2>Env\u00edenos un mensaje<\/h2>\n<\/div>\n<div class=\"vc_row wpb_row vc_inner vc_row-fluid\"><div class=\"wpb_column vc_column_container vc_col-sm-8\"><div class=\"vc_column-inner\"><div class=\"wpb_wrapper\"><div class=\"wpforms-container wpforms-container-full\" id=\"wpforms-3208\"><form id=\"wpforms-form-3208\" class=\"wpforms-validate wpforms-form wpforms-ajax-form\" data-formid=\"3208\" method=\"post\" enctype=\"multipart\/form-data\" action=\"\/en\/wp-json\/wp\/v2\/pages\/2366\" data-token=\"6b6f51fd84b0d3aa7054de74a8e26b86\" data-trp-original-action=\"\/en\/wp-json\/wp\/v2\/pages\/2366\"><noscript class=\"wpforms-error-noscript\">Please enable JavaScript in your browser to complete this form.<\/noscript><div class=\"wpforms-field-container\"><div id=\"wpforms-3208-field_0-container\" class=\"wpforms-field wpforms-field-name\" data-field-id=\"0\"><label class=\"wpforms-field-label\" for=\"wpforms-3208-field_0\">Nombre <span class=\"wpforms-required-label\">*<\/span><\/label><input type=\"text\" id=\"wpforms-3208-field_0\" class=\"wpforms-field-medium wpforms-field-required\" name=\"wpforms[fields][0]\" required><\/div><div id=\"wpforms-3208-field_1-container\" class=\"wpforms-field wpforms-field-email\" data-field-id=\"1\"><label class=\"wpforms-field-label\" for=\"wpforms-3208-field_1\">Correo electr\u00f3nico <span class=\"wpforms-required-label\">*<\/span><\/label><input type=\"email\" id=\"wpforms-3208-field_1\" class=\"wpforms-field-medium wpforms-field-required\" name=\"wpforms[fields][1]\" required><\/div><div id=\"wpforms-3208-field_2-container\" class=\"wpforms-field wpforms-field-textarea\" data-field-id=\"2\"><label class=\"wpforms-field-label\" for=\"wpforms-3208-field_2\">Comentario o mensaje<\/label><textarea id=\"wpforms-3208-field_2\" class=\"wpforms-field-medium\" name=\"wpforms[fields][2]\" ><\/textarea><\/div><\/div><div class=\"wpforms-submit-container\"><input type=\"hidden\" name=\"wpforms[id]\" value=\"3208\"><input type=\"hidden\" name=\"wpforms[author]\" value=\"1\"><button type=\"submit\" name=\"wpforms[submit]\" id=\"wpforms-submit-3208\" class=\"wpforms-submit\" data-alt-text=\"Enviando...\" data-submit-text=\"Enviar\" aria-live=\"assertive\" value=\"wpforms-submit\">Enviar<\/button><img src=\"http:\/\/www.cienergia.com\/wp-content\/plugins\/wpforms-lite\/assets\/images\/submit-spin.svg\" class=\"wpforms-submit-spinner\" style=\"display: none;\" width=\"26\" height=\"26\" alt=\"Loading\"><\/div><input type=\"hidden\" name=\"trp-form-language\" value=\"en\"\/><\/form><\/div>  <!-- .wpforms-container --><\/div><\/div><\/div><div class=\"contact-info inner wpb_column vc_column_container vc_col-sm-4\"><div class=\"vc_column-inner vc_custom_1678922597091\"><div class=\"wpb_wrapper\">\n\t<div class=\"wpb_text_column wpb_content_element  single-contact-info\" >\n\t\t<div class=\"wpb_wrapper\">\n\t\t\t<h4>Tel\u00e9fonos:<\/h4>\n<p><a href=\"tel:56-11-88-76-93\">56.11.88.76.93<\/a><\/p>\n<p><a href=\"tel:55-12-89-44-86\">55.12.89.44.86<\/a><\/p>\n<p><a href=\"tel:(+52) 81-45-32-38-84\">81.45.32.38.84<\/a><\/p>\n\n\t\t<\/div>\n\t<\/div>\n\n\t<div class=\"wpb_text_column wpb_content_element  single-contact-info\" >\n\t\t<div class=\"wpb_wrapper\">\n\t\t\t<h4>email :<\/h4>\n<p><a href=\"mailto:contacto@cienergia.com\">contacto@cienergia.com<\/a><\/p>\n\n\t\t<\/div>\n\t<\/div>\n<\/div><\/div><\/div><\/div><\/div><\/div><\/div><\/div><div class=\"vc_row wpb_row vc_row-fluid\"><div class=\"wpb_column vc_column_container vc_col-sm-12\"><div class=\"vc_column-inner\"><div class=\"wpb_wrapper\"><\/div><\/div><\/div><\/div>\n<\/section>","protected":false},"excerpt":{"rendered":"Mant\u00e9ngase en contacto con nosotros Env\u00edenos un mensaje Please enable JavaScript in your browser to complete this form.Nombre *Correo electr\u00f3nico *Comentario o mensajeEnviar Tel\u00e9fonos: 56.11.88.76.93 55.12.89.44.86 81.45.32.38.84 email : contacto@cienergia.com","protected":false},"author":1,"featured_media":0,"parent":0,"menu_order":0,"comment_status":"closed","ping_status":"closed","template":"","meta":{"_themeisle_gutenberg_block_has_review":false},"_links":{"self":[{"href":"http:\/\/www.cienergia.com\/en\/wp-json\/wp\/v2\/pages\/2366"}],"collection":[{"href":"http:\/\/www.cienergia.com\/en\/wp-json\/wp\/v2\/pages"}],"about":[{"href":"http:\/\/www.cienergia.com\/en\/wp-json\/wp\/v2\/types\/page"}],"author":[{"embeddable":true,"href":"http:\/\/www.cienergia.com\/en\/wp-json\/wp\/v2\/users\/1"}],"replies":[{"embeddable":true,"href":"http:\/\/www.cienergia.com\/en\/wp-json\/wp\/v2\/comments?post=2366"}],"version-history":[{"count":12,"href":"http:\/\/www.cienergia.com\/en\/wp-json\/wp\/v2\/pages\/2366\/revisions"}],"predecessor-version":[{"id":3229,"href":"http:\/\/www.cienergia.com\/en\/wp-json\/wp\/v2\/pages\/2366\/revisions\/3229"}],"wp:attachment":[{"href":"http:\/\/www.cienergia.com\/en\/wp-json\/wp\/v2\/media?parent=2366"}],"curies":[{"name":"wp","href":"https:\/\/api.w.org\/{rel}","templated":true}]}}